{"id":2,"date":"2016-05-10T03:48:21","date_gmt":"2016-05-10T03:48:21","guid":{"rendered":"http:\/\/umiterenyurtsever.com\/?page_id=2"},"modified":"2025-08-18T09:12:55","modified_gmt":"2025-08-18T09:12:55","slug":"sample-page","status":"publish","type":"page","link":"https:\/\/umiterenyurtsever.com\/?page_id=2","title":{"rendered":"Sample Page"},"content":{"rendered":"\t\t<div data-elementor-type=\"wp-page\" data-elementor-id=\"2\" class=\"elementor elementor-2\">\n\t\t\t\t<div class=\"elementor-element elementor-element-2c1f0175 e-flex e-con-boxed e-con e-parent\" data-id=\"2c1f0175\" data-element_type=\"container\">\n\t\t\t\t\t<div class=\"e-con-inner\">\n\t\t\t\t<div class=\"elementor-element elementor-element-95b147b elementor-widget elementor-widget-text-editor\" data-id=\"95b147b\" data-element_type=\"widget\" data-widget_type=\"text-editor.default\">\n\t\t\t\t\t\t\t\t\t<p>Marmara \u00dcniversitesi Psikolojik Dan\u0131\u015fmanl\u0131k ve Rehberlik B\u00f6l\u00fcm\u00fc\u2019nden 1994 y\u0131l\u0131nda mezun oldu. Y\u00fcksek lisans\u0131n\u0131 Marmara \u00dcniversitesi Sosyal Bilimler Enstit\u00fcs\u00fc E\u011fitimde Psikolojik Servisler B\u00f6l\u00fcm\u00fc\u2019nde 1999 y\u0131l\u0131nda tamamlad\u0131. Benlik psikolojisi ve psikanalik psikoterapi, aile terapisi ve psikodrama \u00fczerine \u00e7e\u015fitli e\u011fitimler ald\u0131. Televizyon ve sinema prod\u00fcksiyonlar\u0131 i\u00e7in senaryo dan\u0131\u015fmanl\u0131\u011f\u0131 yapmakta olan Yurtsever\u2019in bas\u0131l\u0131 \u015fiir, hikaye ve makaleleri de mevcuttur.<\/p>\t\t\t\t\t\t\t\t<\/div>\n\t\t\t\t\t<\/div>\n\t\t\t\t<\/div>\n\t\t\t\t<\/div>\n\t\t","protected":false},"excerpt":{"rendered":"<p>Marmara \u00dcniversitesi Psikolojik Dan\u0131\u015fmanl\u0131k ve Rehberlik B\u00f6l\u00fcm\u00fc\u2019nden 1994 y\u0131l\u0131nda mezun oldu. Y\u00fcksek lisans\u0131n\u0131 Marmara \u00dcniversitesi Sosyal Bilimler Enstit\u00fcs\u00fc E\u011fitimde Psikolojik Servisler B\u00f6l\u00fcm\u00fc\u2019nde 1999 y\u0131l\u0131nda tamamlad\u0131. Benlik psikolojisi ve psikanalik psikoterapi, aile terapisi ve psikodrama \u00fczerine \u00e7e\u015fitli e\u011fitimler ald\u0131. Televizyon ve sinema prod\u00fcksiyonlar\u0131 i\u00e7in senaryo dan\u0131\u015fmanl\u0131\u011f\u0131 yapmakta olan Yurtsever\u2019in bas\u0131l\u0131 \u015fiir, hikaye ve makaleleri de mevcuttur.<\/p>\n","protected":false},"author":1,"featured_media":0,"parent":0,"menu_order":0,"comment_status":"closed","ping_status":"open","template":"","meta":{"footnotes":""},"class_list":["post-2","page","type-page","status-publish","hentry"],"yoast_head":"<!-- This site is optimized with the Yoast SEO plugin v25.7 - https:\/\/yoast.com\/wordpress\/plugins\/seo\/ -->\n<title>Sample Page - \u00dcm\u0130t eren yurtsever<\/title>\n<meta name=\"robots\" content=\"index, follow, max-snippet:-1, max-image-preview:large, max-video-preview:-1\" \/>\n<link rel=\"canonical\" href=\"https:\/\/umiterenyurtsever.com\/?page_id=2\" \/>\n<meta property=\"og:locale\" content=\"tr_TR\" \/>\n<meta property=\"og:type\" content=\"article\" \/>\n<meta property=\"og:title\" content=\"Sample Page - \u00dcm\u0130t eren yurtsever\" \/>\n<meta property=\"og:description\" content=\"Marmara \u00dcniversitesi Psikolojik Dan\u0131\u015fmanl\u0131k ve Rehberlik B\u00f6l\u00fcm\u00fc\u2019nden 1994 y\u0131l\u0131nda mezun oldu. Y\u00fcksek lisans\u0131n\u0131 Marmara \u00dcniversitesi Sosyal Bilimler Enstit\u00fcs\u00fc E\u011fitimde Psikolojik Servisler B\u00f6l\u00fcm\u00fc\u2019nde 1999 y\u0131l\u0131nda tamamlad\u0131. Benlik psikolojisi ve psikanalik psikoterapi, aile terapisi ve psikodrama \u00fczerine \u00e7e\u015fitli e\u011fitimler ald\u0131. Televizyon ve sinema prod\u00fcksiyonlar\u0131 i\u00e7in senaryo dan\u0131\u015fmanl\u0131\u011f\u0131 yapmakta olan Yurtsever\u2019in bas\u0131l\u0131 \u015fiir, hikaye ve makaleleri de mevcuttur.\" \/>\n<meta property=\"og:url\" content=\"https:\/\/umiterenyurtsever.com\/?page_id=2\" \/>\n<meta property=\"og:site_name\" content=\"\u00dcm\u0130t eren yurtsever\" \/>\n<meta property=\"article:modified_time\" content=\"2025-08-18T09:12:55+00:00\" \/>\n<meta name=\"twitter:card\" content=\"summary_large_image\" \/>\n<meta name=\"twitter:label1\" content=\"Tahmini okuma s\u00fcresi\" \/>\n\t<meta name=\"twitter:data1\" content=\"1 dakika\" \/>\n<script type=\"application\/ld+json\" class=\"yoast-schema-graph\">{\"@context\":\"https:\/\/schema.org\",\"@graph\":[{\"@type\":\"WebPage\",\"@id\":\"https:\/\/umiterenyurtsever.com\/?page_id=2\",\"url\":\"https:\/\/umiterenyurtsever.com\/?page_id=2\",\"name\":\"Sample Page - \u00dcm\u0130t eren yurtsever\",\"isPartOf\":{\"@id\":\"https:\/\/umiterenyurtsever.com\/#website\"},\"datePublished\":\"2016-05-10T03:48:21+00:00\",\"dateModified\":\"2025-08-18T09:12:55+00:00\",\"breadcrumb\":{\"@id\":\"https:\/\/umiterenyurtsever.com\/?page_id=2#breadcrumb\"},\"inLanguage\":\"tr\",\"potentialAction\":[{\"@type\":\"ReadAction\",\"target\":[\"https:\/\/umiterenyurtsever.com\/?page_id=2\"]}]},{\"@type\":\"BreadcrumbList\",\"@id\":\"https:\/\/umiterenyurtsever.com\/?page_id=2#breadcrumb\",\"itemListElement\":[{\"@type\":\"ListItem\",\"position\":1,\"name\":\"Anasayfa\",\"item\":\"https:\/\/umiterenyurtsever.com\/\"},{\"@type\":\"ListItem\",\"position\":2,\"name\":\"Sample Page\"}]},{\"@type\":\"WebSite\",\"@id\":\"https:\/\/umiterenyurtsever.com\/#website\",\"url\":\"https:\/\/umiterenyurtsever.com\/\",\"name\":\"\u00dcm\u0130t eren yurtsever\",\"description\":\"Just another WordPress site\",\"publisher\":{\"@id\":\"https:\/\/umiterenyurtsever.com\/#organization\"},\"potentialAction\":[{\"@type\":\"SearchAction\",\"target\":{\"@type\":\"EntryPoint\",\"urlTemplate\":\"https:\/\/umiterenyurtsever.com\/?s={search_term_string}\"},\"query-input\":{\"@type\":\"PropertyValueSpecification\",\"valueRequired\":true,\"valueName\":\"search_term_string\"}}],\"inLanguage\":\"tr\"},{\"@type\":\"Organization\",\"@id\":\"https:\/\/umiterenyurtsever.com\/#organization\",\"name\":\"\u00dcm\u0130t eren yurtsever\",\"url\":\"https:\/\/umiterenyurtsever.com\/\",\"logo\":{\"@type\":\"ImageObject\",\"inLanguage\":\"tr\",\"@id\":\"https:\/\/umiterenyurtsever.com\/#\/schema\/logo\/image\/\",\"url\":\"https:\/\/umiterenyurtsever.com\/wp-content\/uploads\/2025\/08\/Ekran-goruntusu-2025-08-18-144505-2.png\",\"contentUrl\":\"https:\/\/umiterenyurtsever.com\/wp-content\/uploads\/2025\/08\/Ekran-goruntusu-2025-08-18-144505-2.png\",\"width\":392,\"height\":360,\"caption\":\"\u00dcm\u0130t eren yurtsever\"},\"image\":{\"@id\":\"https:\/\/umiterenyurtsever.com\/#\/schema\/logo\/image\/\"}}]}<\/script>\n<!-- \/ Yoast SEO plugin. -->","yoast_head_json":{"title":"Sample Page - \u00dcm\u0130t eren yurtsever","robots":{"index":"index","follow":"follow","max-snippet":"max-snippet:-1","max-image-preview":"max-image-preview:large","max-video-preview":"max-video-preview:-1"},"canonical":"https:\/\/umiterenyurtsever.com\/?page_id=2","og_locale":"tr_TR","og_type":"article","og_title":"Sample Page - \u00dcm\u0130t eren yurtsever","og_description":"Marmara \u00dcniversitesi Psikolojik Dan\u0131\u015fmanl\u0131k ve Rehberlik B\u00f6l\u00fcm\u00fc\u2019nden 1994 y\u0131l\u0131nda mezun oldu. Y\u00fcksek lisans\u0131n\u0131 Marmara \u00dcniversitesi Sosyal Bilimler Enstit\u00fcs\u00fc E\u011fitimde Psikolojik Servisler B\u00f6l\u00fcm\u00fc\u2019nde 1999 y\u0131l\u0131nda tamamlad\u0131. Benlik psikolojisi ve psikanalik psikoterapi, aile terapisi ve psikodrama \u00fczerine \u00e7e\u015fitli e\u011fitimler ald\u0131. Televizyon ve sinema prod\u00fcksiyonlar\u0131 i\u00e7in senaryo dan\u0131\u015fmanl\u0131\u011f\u0131 yapmakta olan Yurtsever\u2019in bas\u0131l\u0131 \u015fiir, hikaye ve makaleleri de mevcuttur.","og_url":"https:\/\/umiterenyurtsever.com\/?page_id=2","og_site_name":"\u00dcm\u0130t eren yurtsever","article_modified_time":"2025-08-18T09:12:55+00:00","twitter_card":"summary_large_image","twitter_misc":{"Tahmini okuma s\u00fcresi":"1 dakika"},"schema":{"@context":"https:\/\/schema.org","@graph":[{"@type":"WebPage","@id":"https:\/\/umiterenyurtsever.com\/?page_id=2","url":"https:\/\/umiterenyurtsever.com\/?page_id=2","name":"Sample Page - \u00dcm\u0130t eren yurtsever","isPartOf":{"@id":"https:\/\/umiterenyurtsever.com\/#website"},"datePublished":"2016-05-10T03:48:21+00:00","dateModified":"2025-08-18T09:12:55+00:00","breadcrumb":{"@id":"https:\/\/umiterenyurtsever.com\/?page_id=2#breadcrumb"},"inLanguage":"tr","potentialAction":[{"@type":"ReadAction","target":["https:\/\/umiterenyurtsever.com\/?page_id=2"]}]},{"@type":"BreadcrumbList","@id":"https:\/\/umiterenyurtsever.com\/?page_id=2#breadcrumb","itemListElement":[{"@type":"ListItem","position":1,"name":"Anasayfa","item":"https:\/\/umiterenyurtsever.com\/"},{"@type":"ListItem","position":2,"name":"Sample Page"}]},{"@type":"WebSite","@id":"https:\/\/umiterenyurtsever.com\/#website","url":"https:\/\/umiterenyurtsever.com\/","name":"\u00dcm\u0130t eren yurtsever","description":"Just another WordPress site","publisher":{"@id":"https:\/\/umiterenyurtsever.com\/#organization"},"potentialAction":[{"@type":"SearchAction","target":{"@type":"EntryPoint","urlTemplate":"https:\/\/umiterenyurtsever.com\/?s={search_term_string}"},"query-input":{"@type":"PropertyValueSpecification","valueRequired":true,"valueName":"search_term_string"}}],"inLanguage":"tr"},{"@type":"Organization","@id":"https:\/\/umiterenyurtsever.com\/#organization","name":"\u00dcm\u0130t eren yurtsever","url":"https:\/\/umiterenyurtsever.com\/","logo":{"@type":"ImageObject","inLanguage":"tr","@id":"https:\/\/umiterenyurtsever.com\/#\/schema\/logo\/image\/","url":"https:\/\/umiterenyurtsever.com\/wp-content\/uploads\/2025\/08\/Ekran-goruntusu-2025-08-18-144505-2.png","contentUrl":"https:\/\/umiterenyurtsever.com\/wp-content\/uploads\/2025\/08\/Ekran-goruntusu-2025-08-18-144505-2.png","width":392,"height":360,"caption":"\u00dcm\u0130t eren yurtsever"},"image":{"@id":"https:\/\/umiterenyurtsever.com\/#\/schema\/logo\/image\/"}}]}},"_links":{"self":[{"href":"https:\/\/umiterenyurtsever.com\/index.php?rest_route=\/wp\/v2\/pages\/2","targetHints":{"allow":["GET"]}}],"collection":[{"href":"https:\/\/umiterenyurtsever.com\/index.php?rest_route=\/wp\/v2\/pages"}],"about":[{"href":"https:\/\/umiterenyurtsever.com\/index.php?rest_route=\/wp\/v2\/types\/page"}],"author":[{"embeddable":true,"href":"https:\/\/umiterenyurtsever.com\/index.php?rest_route=\/wp\/v2\/users\/1"}],"replies":[{"embeddable":true,"href":"https:\/\/umiterenyurtsever.com\/index.php?rest_route=%2Fwp%2Fv2%2Fcomments&post=2"}],"version-history":[{"count":3,"href":"https:\/\/umiterenyurtsever.com\/index.php?rest_route=\/wp\/v2\/pages\/2\/revisions"}],"predecessor-version":[{"id":34,"href":"https:\/\/umiterenyurtsever.com\/index.php?rest_route=\/wp\/v2\/pages\/2\/revisions\/34"}],"wp:attachment":[{"href":"https:\/\/umiterenyurtsever.com\/index.php?rest_route=%2Fwp%2Fv2%2Fmedia&parent=2"}],"curies":[{"name":"wp","href":"https:\/\/api.w.org\/{rel}","templated":true}]}}